{"id":2840,"date":"2026-04-03T14:44:15","date_gmt":"2026-04-03T14:44:15","guid":{"rendered":"https:\/\/threadeningproject.com\/iteration2\/?page_id=2840"},"modified":"2026-04-09T08:37:53","modified_gmt":"2026-04-09T08:37:53","slug":"background-iteration2","status":"publish","type":"page","link":"https:\/\/threadeningproject.com\/iteration2\/background-iteration2\/","title":{"rendered":"BACKGROUND &#8211; Iteration2"},"content":{"rendered":"\t\t<div data-elementor-type=\"wp-page\" data-elementor-id=\"2840\" class=\"elementor elementor-2840\">\n\t\t\t\t<div class=\"elementor-element elementor-element-ace6ede e-transform e-con-full e-flex wpr-particle-no wpr-jarallax-no wpr-parallax-no wpr-sticky-section-no e-con e-parent\" data-id=\"ace6ede\" data-element_type=\"container\" data-e-type=\"container\" data-settings=\"{&quot;background_background&quot;:&quot;classic&quot;,&quot;_transform_scale_effect&quot;:{&quot;unit&quot;:&quot;px&quot;,&quot;size&quot;:2.41,&quot;sizes&quot;:[]},&quot;_transform_scale_effect_mobile&quot;:{&quot;unit&quot;:&quot;px&quot;,&quot;size&quot;:1.18,&quot;sizes&quot;:[]},&quot;_transform_scale_effect_tablet&quot;:{&quot;unit&quot;:&quot;px&quot;,&quot;size&quot;:1.9,&quot;sizes&quot;:[]}}\">\n\t\t\t\t<div class=\"elementor-element elementor-element-f6ee3e0 elementor-widget__width-initial elementor-widget-tablet__width-initial e-transform elementor-widget elementor-widget-heading\" data-id=\"f6ee3e0\" data-element_type=\"widget\" data-e-type=\"widget\" data-settings=\"{&quot;_transform_scale_effect_mobile&quot;:{&quot;unit&quot;:&quot;px&quot;,&quot;size&quot;:0.8,&quot;sizes&quot;:[]},&quot;_transform_scale_effect&quot;:{&quot;unit&quot;:&quot;px&quot;,&quot;size&quot;:&quot;&quot;,&quot;sizes&quot;:[]},&quot;_transform_scale_effect_tablet&quot;:{&quot;unit&quot;:&quot;px&quot;,&quot;size&quot;:&quot;&quot;,&quot;sizes&quot;:[]}}\" data-widget_type=\"heading.default\">\n\t\t\t\t\t<h1 class=\"elementor-heading-title elementor-size-default\">Clothing Disposal Habits, Throughout The Years<\/h1>\t\t\t\t<\/div>\n\t\t\t\t<div class=\"elementor-element elementor-element-6905f1f elementor-widget__width-initial elementor-widget-tablet__width-initial elementor-widget elementor-widget-text-editor\" data-id=\"6905f1f\" data-element_type=\"widget\" data-e-type=\"widget\" data-widget_type=\"text-editor.default\">\n\t\t\t\t\t\t\t\t\t<h5 class=\"body\" dir=\"auto\" data-pm-slice=\"1 1 []\"><span style=\"font-size: 12px;\">The following topics below discuss the timeline of clothing disposal: from how disposal was done in the past and how people used to handle their clothing, the current situation and the implications of fast fashion, to the possible ways in which we can solve the problem of clothing disposal.<\/span><\/h5>\t\t\t\t\t\t\t\t<\/div>\n\t\t\t\t<\/div>\n\t\t<div class=\"elementor-element elementor-element-9daf00b e-con-full e-transform e-flex wpr-particle-no wpr-jarallax-no wpr-parallax-no wpr-sticky-section-no e-con e-parent\" data-id=\"9daf00b\" data-element_type=\"container\" data-e-type=\"container\" data-settings=\"{&quot;background_background&quot;:&quot;gradient&quot;,&quot;_transform_scale_effect&quot;:{&quot;unit&quot;:&quot;px&quot;,&quot;size&quot;:1.5,&quot;sizes&quot;:[]},&quot;_transform_scale_effect_mobile&quot;:{&quot;unit&quot;:&quot;px&quot;,&quot;size&quot;:0.9,&quot;sizes&quot;:[]},&quot;_transform_scale_effect_tablet&quot;:{&quot;unit&quot;:&quot;px&quot;,&quot;size&quot;:1.4,&quot;sizes&quot;:[]}}\">\n\t\t<div class=\"elementor-element elementor-element-9c2731e e-grid e-con-full wpr-particle-no wpr-jarallax-no wpr-parallax-no wpr-sticky-section-no e-con e-child\" data-id=\"9c2731e\" data-element_type=\"container\" data-e-type=\"container\" data-settings=\"{&quot;background_background&quot;:&quot;gradient&quot;}\">\n\t\t\t\t<div class=\"elementor-element elementor-element-6a9e3a1 elementor-widget elementor-widget-image\" data-id=\"6a9e3a1\" data-element_type=\"widget\" data-e-type=\"widget\" data-widget_type=\"image.default\">\n\t\t\t\t\t\t\t\t\t\t\t\t\t\t\t\t<a href=\"https:\/\/threadeningproject.com\/iteration2\/extracting-the-past-iteration2\/\">\n\t\t\t\t\t\t\t<img decoding=\"async\" src=\"https:\/\/threadeningproject.com\/wp-content\/uploads\/2025\/09\/Untitled-design-9.png\" title=\"Untitled design (9)\" alt=\"Untitled design (9)\" loading=\"lazy\" \/>\t\t\t\t\t\t\t\t<\/a>\n\t\t\t\t\t\t\t\t\t\t\t\t\t\t\t<\/div>\n\t\t\t\t<div class=\"elementor-element elementor-element-d509969 elementor-widget elementor-widget-image\" data-id=\"d509969\" data-element_type=\"widget\" data-e-type=\"widget\" data-widget_type=\"image.default\">\n\t\t\t\t\t\t\t\t\t\t\t\t\t\t\t\t<a href=\"https:\/\/threadeningproject.com\/iteration2\/weaving-the-present-iteration2\/\">\n\t\t\t\t\t\t\t<img fetchpriority=\"high\" decoding=\"async\" width=\"1414\" height=\"2000\" src=\"https:\/\/threadeningproject.com\/wp-content\/uploads\/2025\/09\/Untitled-design-10.png\" class=\"attachment-full size-full wp-image-909\" alt=\"\" srcset=\"https:\/\/threadeningproject.com\/wp-content\/uploads\/2025\/09\/Untitled-design-10.png 1414w, https:\/\/threadeningproject.com\/wp-content\/uploads\/2025\/09\/Untitled-design-10-212x300.png 212w, https:\/\/threadeningproject.com\/wp-content\/uploads\/2025\/09\/Untitled-design-10-724x1024.png 724w, https:\/\/threadeningproject.com\/wp-content\/uploads\/2025\/09\/Untitled-design-10-768x1086.png 768w\" sizes=\"(max-width: 1414px) 100vw, 1414px\" \/>\t\t\t\t\t\t\t\t<\/a>\n\t\t\t\t\t\t\t\t\t\t\t\t\t\t\t<\/div>\n\t\t\t\t<div class=\"elementor-element elementor-element-e36bf00 elementor-widget elementor-widget-image\" data-id=\"e36bf00\" data-element_type=\"widget\" data-e-type=\"widget\" data-widget_type=\"image.default\">\n\t\t\t\t\t\t\t\t\t\t\t\t\t\t\t\t<a href=\"https:\/\/threadeningproject.com\/iteration2\/printing-our-future-iteration2\/\">\n\t\t\t\t\t\t\t<img decoding=\"async\" width=\"1414\" height=\"2000\" src=\"https:\/\/threadeningproject.com\/wp-content\/uploads\/2025\/09\/Untitled-design-8.png\" class=\"attachment-full size-full wp-image-908\" alt=\"\" srcset=\"https:\/\/threadeningproject.com\/wp-content\/uploads\/2025\/09\/Untitled-design-8.png 1414w, https:\/\/threadeningproject.com\/wp-content\/uploads\/2025\/09\/Untitled-design-8-212x300.png 212w, https:\/\/threadeningproject.com\/wp-content\/uploads\/2025\/09\/Untitled-design-8-724x1024.png 724w, https:\/\/threadeningproject.com\/wp-content\/uploads\/2025\/09\/Untitled-design-8-768x1086.png 768w, https:\/\/threadeningproject.com\/wp-content\/uploads\/2025\/09\/Untitled-design-8-1086x1536.png 1086w\" sizes=\"(max-width: 1414px) 100vw, 1414px\" \/>\t\t\t\t\t\t\t\t<\/a>\n\t\t\t\t\t\t\t\t\t\t\t\t\t\t\t<\/div>\n\t\t\t\t<\/div>\n\t\t\t\t<\/div>\n\t\t<div class=\"elementor-element elementor-element-8701ba2 e-con-full e-transform e-flex wpr-particle-no wpr-jarallax-no wpr-parallax-no wpr-sticky-section-no e-con e-parent\" data-id=\"8701ba2\" data-element_type=\"container\" data-e-type=\"container\" data-settings=\"{&quot;_transform_scale_effect&quot;:{&quot;unit&quot;:&quot;px&quot;,&quot;size&quot;:1.4,&quot;sizes&quot;:[]},&quot;_transform_scale_effect_mobile&quot;:{&quot;unit&quot;:&quot;px&quot;,&quot;size&quot;:3,&quot;sizes&quot;:[]},&quot;_transform_scale_effect_tablet&quot;:{&quot;unit&quot;:&quot;px&quot;,&quot;size&quot;:&quot;&quot;,&quot;sizes&quot;:[]}}\">\n\t\t<div class=\"elementor-element elementor-element-1b0f887 e-con-full e-flex wpr-particle-no wpr-jarallax-no wpr-parallax-no wpr-sticky-section-no e-con e-child\" data-id=\"1b0f887\" data-element_type=\"container\" data-e-type=\"container\">\n\t\t\t\t<div class=\"elementor-element elementor-element-501ccd9 elementor-widget__width-initial e-transform elementor-widget-mobile__width-initial elementor-widget elementor-widget-heading\" data-id=\"501ccd9\" data-element_type=\"widget\" data-e-type=\"widget\" data-settings=\"{&quot;_transform_scale_effect_mobile&quot;:{&quot;unit&quot;:&quot;px&quot;,&quot;size&quot;:0.5,&quot;sizes&quot;:[]},&quot;_transform_scale_effect&quot;:{&quot;unit&quot;:&quot;px&quot;,&quot;size&quot;:&quot;&quot;,&quot;sizes&quot;:[]},&quot;_transform_scale_effect_tablet&quot;:{&quot;unit&quot;:&quot;px&quot;,&quot;size&quot;:&quot;&quot;,&quot;sizes&quot;:[]}}\" data-widget_type=\"heading.default\">\n\t\t\t\t\t<h2 class=\"elementor-heading-title elementor-size-default\"><a href=\"https:\/\/threadeningproject.com\/iteration2\/extracting-the-past-iteration2\/\">Extracting <br>the Past<\/a><\/h2>\t\t\t\t<\/div>\n\t\t\t\t<\/div>\n\t\t<div class=\"elementor-element elementor-element-b9a1bdc e-con-full e-flex wpr-particle-no wpr-jarallax-no wpr-parallax-no wpr-sticky-section-no e-con e-child\" data-id=\"b9a1bdc\" data-element_type=\"container\" data-e-type=\"container\">\n\t\t\t\t<div class=\"elementor-element elementor-element-a024ebb elementor-widget__width-initial e-transform elementor-widget-mobile__width-initial elementor-widget elementor-widget-heading\" data-id=\"a024ebb\" data-element_type=\"widget\" data-e-type=\"widget\" data-settings=\"{&quot;_transform_scale_effect_mobile&quot;:{&quot;unit&quot;:&quot;px&quot;,&quot;size&quot;:0.5,&quot;sizes&quot;:[]},&quot;_transform_scale_effect&quot;:{&quot;unit&quot;:&quot;px&quot;,&quot;size&quot;:&quot;&quot;,&quot;sizes&quot;:[]},&quot;_transform_scale_effect_tablet&quot;:{&quot;unit&quot;:&quot;px&quot;,&quot;size&quot;:&quot;&quot;,&quot;sizes&quot;:[]}}\" data-widget_type=\"heading.default\">\n\t\t\t\t\t<h2 class=\"elementor-heading-title elementor-size-default\"><a href=\"https:\/\/threadeningproject.com\/iteration2\/weaving-the-present-iteration2\/\">Weaving the Present<\/a><\/h2>\t\t\t\t<\/div>\n\t\t\t\t<\/div>\n\t\t<div class=\"elementor-element elementor-element-8bc526b e-con-full e-flex wpr-particle-no wpr-jarallax-no wpr-parallax-no wpr-sticky-section-no e-con e-child\" data-id=\"8bc526b\" data-element_type=\"container\" data-e-type=\"container\">\n\t\t\t\t<div class=\"elementor-element elementor-element-0f2cfc5 e-transform elementor-widget-mobile__width-initial elementor-widget elementor-widget-heading\" data-id=\"0f2cfc5\" data-element_type=\"widget\" data-e-type=\"widget\" data-settings=\"{&quot;_transform_scale_effect_mobile&quot;:{&quot;unit&quot;:&quot;px&quot;,&quot;size&quot;:0.5,&quot;sizes&quot;:[]},&quot;_transform_scale_effect&quot;:{&quot;unit&quot;:&quot;px&quot;,&quot;size&quot;:&quot;&quot;,&quot;sizes&quot;:[]},&quot;_transform_scale_effect_tablet&quot;:{&quot;unit&quot;:&quot;px&quot;,&quot;size&quot;:&quot;&quot;,&quot;sizes&quot;:[]}}\" data-widget_type=\"heading.default\">\n\t\t\t\t\t<h2 class=\"elementor-heading-title elementor-size-default\"><a href=\"https:\/\/threadeningproject.com\/iteration2\/printing-our-future-iteration2\/\">Printing <br>Our Future<\/a><\/h2>\t\t\t\t<\/div>\n\t\t\t\t<\/div>\n\t\t\t\t<\/div>\n\t\t<div class=\"elementor-element elementor-element-369c611 e-con-full e-transform e-flex wpr-particle-no wpr-jarallax-no wpr-parallax-no wpr-sticky-section-no e-con e-parent\" data-id=\"369c611\" data-element_type=\"container\" data-e-type=\"container\" data-settings=\"{&quot;_transform_scale_effect&quot;:{&quot;unit&quot;:&quot;px&quot;,&quot;size&quot;:3,&quot;sizes&quot;:[]},&quot;_transform_scale_effect_mobile&quot;:{&quot;unit&quot;:&quot;px&quot;,&quot;size&quot;:1.2,&quot;sizes&quot;:[]},&quot;_transform_scale_effect_tablet&quot;:{&quot;unit&quot;:&quot;px&quot;,&quot;size&quot;:&quot;&quot;,&quot;sizes&quot;:[]}}\">\n\t\t\t\t<div class=\"elementor-element elementor-element-0564479 elementor-widget elementor-widget-heading\" data-id=\"0564479\" data-element_type=\"widget\" data-e-type=\"widget\" data-widget_type=\"heading.default\">\n\t\t\t\t\t<h2 class=\"elementor-heading-title elementor-size-default\">SHARE YOUR THOUGHTS WITH US<\/h2>\t\t\t\t<\/div>\n\t\t\t\t<\/div>\n\t\t<div class=\"elementor-element elementor-element-61c9feb e-con-full e-transform e-flex wpr-particle-no wpr-jarallax-no wpr-parallax-no wpr-sticky-section-no e-con e-parent\" data-id=\"61c9feb\" data-element_type=\"container\" data-e-type=\"container\" data-settings=\"{&quot;_transform_scale_effect_mobile&quot;:{&quot;unit&quot;:&quot;px&quot;,&quot;size&quot;:0.9,&quot;sizes&quot;:[]},&quot;_transform_scale_effect&quot;:{&quot;unit&quot;:&quot;px&quot;,&quot;size&quot;:&quot;&quot;,&quot;sizes&quot;:[]},&quot;_transform_scale_effect_tablet&quot;:{&quot;unit&quot;:&quot;px&quot;,&quot;size&quot;:&quot;&quot;,&quot;sizes&quot;:[]}}\">\n\t\t\t\t<div class=\"elementor-element elementor-element-1cba39a elementor-widget elementor-widget-comment_form_widget\" data-id=\"1cba39a\" data-element_type=\"widget\" data-e-type=\"widget\" data-widget_type=\"comment_form_widget.default\">\n\t\t\t\t<div class=\"elementor-widget-container\">\n\t\t\t\t\t<form action=\"https:\/\/threadeningproject.com\/wp-comments-post.php\" method=\"post\" id=\"ast-commentform\" class=\"comment-form \">\n<div style=\"margin-bottom: 10px;\" class=\"elementor-field-type-text elementor-field-group elementor-column elementor-field-group-name elementor-col-100 elementor-field-required\">\n<label for=\"form-field-name\" class=\"elementor-field-label elementor-screen-only\"> Imi\u0119 i nazwisko* <\/label>\n<input  size=\"30\" type=\"text\"  name=\"author\"  id=\"author\" class=\"elementor-field elementor-size-sm  elementor-field-textual\" value=\"\" placeholder=\"Name*\" required=\"required\" aria-required=\"true\">\n<\/div><div style=\"margin-bottom: 10px;\" class=\"elementor-field-type-text elementor-field-group elementor-column elementor-field-group-name elementor-col-100 elementor-field-required\">\n<label for=\"form-field-name\" class=\"elementor-field-label elementor-screen-only\"> Email* <\/label>\n<input  size=\"30\" type=\"text\" id=\"email\" name=\"email\" class=\"elementor-field elementor-size-sm  elementor-field-textual\" value=\"\" placeholder=\"Email*\" required=\"required\" aria-required=\"true\">\n<\/div>\t<div style=\"margin-bottom: 10px;\" class=\"elementor-field-type-textarea elementor-field-group elementor-column elementor-field-group-message elementor-col-100\">\n<label for=\"form-field-message\" class=\"elementor-field-label elementor-screen-only\"> Tre\u015b\u0107 wiadomo\u015bci*\t<\/label>\n<textarea class=\"elementor-field-textual elementor-field  elementor-size-sm\" id=\"comment\" name=\"comment\" rows=\"9\" placeholder=\"Comment here...\" aria-required=\"true\"><\/textarea><\/div>\n\n\n<p class=\"form-submit\"><input name=\"submit\" type=\"submit\" id=\"submit\" class=\"submit\" value=\"Submit\"> <input type=\"hidden\" name=\"comment_post_ID\" class=\"comment_post_ID\" value=\"2840\" id=\"comment_post_ID\">\n<input type=\"hidden\" name=\"comment_parent\" id=\"comment_parent\" value=\"0\">\n<\/p>\n\n<\/form>\n\t\t\t\t\t\t<\/div>\n\t\t\t\t<\/div>\n\t\t\t\t<\/div>\n\t\t<div class=\"elementor-element elementor-element-c0e4735 e-flex e-con-boxed wpr-particle-no wpr-jarallax-no wpr-parallax-no wpr-sticky-section-no e-con e-parent\" data-id=\"c0e4735\" data-element_type=\"container\" data-e-type=\"container\">\n\t\t\t\t\t<div class=\"e-con-inner\">\n\t\t\t\t\t<\/div>\n\t\t\t\t<\/div>\n\t\t\t\t<\/div>\n\t\t","protected":false},"excerpt":{"rendered":"<p>Clothing Disposal Habits, Throughout The Years The following topics below discuss the timeline of clothing disposal: from how disposal was done in the past and how people used to handle their clothing, the current situation and the implications of fast fashion, to the possible ways in which we can solve the problem of clothing disposal. Extracting the Past Weaving the Present Printing Our Future SHARE YOUR THOUGHTS WITH US Imi\u0119 i nazwisko* Email* Tre\u015b\u0107 wiadomo\u015bci*<\/p>\n","protected":false},"author":1,"featured_media":0,"parent":0,"menu_order":0,"comment_status":"closed","ping_status":"closed","template":"","meta":{"_eb_attr":"","footnotes":""},"class_list":["post-2840","page","type-page","status-publish","hentry"],"_links":{"self":[{"href":"https:\/\/threadeningproject.com\/iteration2\/wp-json\/wp\/v2\/pages\/2840","targetHints":{"allow":["GET"]}}],"collection":[{"href":"https:\/\/threadeningproject.com\/iteration2\/wp-json\/wp\/v2\/pages"}],"about":[{"href":"https:\/\/threadeningproject.com\/iteration2\/wp-json\/wp\/v2\/types\/page"}],"author":[{"embeddable":true,"href":"https:\/\/threadeningproject.com\/iteration2\/wp-json\/wp\/v2\/users\/1"}],"replies":[{"embeddable":true,"href":"https:\/\/threadeningproject.com\/iteration2\/wp-json\/wp\/v2\/comments?post=2840"}],"version-history":[{"count":324,"href":"https:\/\/threadeningproject.com\/iteration2\/wp-json\/wp\/v2\/pages\/2840\/revisions"}],"predecessor-version":[{"id":4699,"href":"https:\/\/threadeningproject.com\/iteration2\/wp-json\/wp\/v2\/pages\/2840\/revisions\/4699"}],"wp:attachment":[{"href":"https:\/\/threadeningproject.com\/iteration2\/wp-json\/wp\/v2\/media?parent=2840"}],"curies":[{"name":"wp","href":"https:\/\/api.w.org\/{rel}","templated":true}]}}